{"id":105,"date":"2017-02-12T19:50:25","date_gmt":"2017-02-12T19:50:25","guid":{"rendered":"http:\/\/countryhotelcontemporary.de\/?page_id=105"},"modified":"2018-02-14T22:30:50","modified_gmt":"2018-02-14T22:30:50","slug":"about","status":"publish","type":"page","link":"http:\/\/countryhotelcontemporary.de\/?page_id=105","title":{"rendered":"About"},"content":{"rendered":"<p><img decoding=\"async\" loading=\"lazy\" class=\"alignnone wp-image-855 size-full\" src=\"http:\/\/countryhotelcontemporary.de\/wp-content\/uploads\/2017\/02\/Plakat.jpg\" width=\"801\" height=\"1134\" srcset=\"http:\/\/countryhotelcontemporary.de\/wp-content\/uploads\/2017\/02\/Plakat.jpg 801w, http:\/\/countryhotelcontemporary.de\/wp-content\/uploads\/2017\/02\/Plakat-212x300.jpg 212w, http:\/\/countryhotelcontemporary.de\/wp-content\/uploads\/2017\/02\/Plakat-768x1087.jpg 768w, http:\/\/countryhotelcontemporary.de\/wp-content\/uploads\/2017\/02\/Plakat-723x1024.jpg 723w\" sizes=\"(max-width: 801px) 100vw, 801px\" \/><\/p>\n<p><b>DAS &#8220;COUNTRY HOTEL&#8221; <\/b><br \/>\nliegt in Dernbach im Westerwald, direkt an der A3 zwischen K\u00f6ln und Frankfurt. Das Anwesen besteht aus mehreren Geb\u00e4uden, wurde als Tagungshotel betrieben, sp\u00e4ter stand es sieben Jahre lang leer. Ein pyramidenartiges, f\u00fcnfst\u00f6ckiges Geb\u00e4ude mit umlaufenden Terrassen, erbaut in den siebziger Jahren, erscheint heute als seltenes Architekturdenkmal. Mit hunderten Hotelzimmern, kleinen und grossen Salons, Veranstaltungssaal, Club, Restaurant, Bar, K\u00fcche, Diskothek, Sauna, Hallenschwimmbad, Wiese, Teich u. a. bietet das Ganze ca. 25.000 qm Grundfl\u00e4che.<\/p>\n<p><b>EINE UM-\/ZWISCHENNUTZUNG<\/b><br \/>\n&#8220;COUNTRY HOTEL CONTEMPORARY&#8221; ist ein tempor\u00e4res Kunstprojekt, das nur drei Tage vom 12.-14. Mai 2017 im &#8220;Country Hotel\u201d stattfindet. So wird dieser lange Zeit leerstehende ehemalige Tagungsort bald als Treffpunkt der K\u00fcnste\/K\u00fcnstler reaktiviert, die Wahrnehmung von Zeit und Raum aktivierend, unterschiedliche M\u00f6glichkeiten f\u00fcr spezifische Experimente Bildender Kunst und audiovisueller Performance bietend.<\/p>\n<p style=\"text-align: center;\"><img decoding=\"async\" loading=\"lazy\" class=\"alignnone wp-image-807\" src=\"http:\/\/countryhotelcontemporary.de\/wp-content\/uploads\/2017\/02\/CountryHotelFlyer-Ru\u0308ckseite-150dpi.jpeg\" width=\"708\" height=\"1000\" srcset=\"http:\/\/countryhotelcontemporary.de\/wp-content\/uploads\/2017\/02\/CountryHotelFlyer-Ru\u0308ckseite-150dpi.jpeg 886w, http:\/\/countryhotelcontemporary.de\/wp-content\/uploads\/2017\/02\/CountryHotelFlyer-Ru\u0308ckseite-150dpi-212x300.jpeg 212w, http:\/\/countryhotelcontemporary.de\/wp-content\/uploads\/2017\/02\/CountryHotelFlyer-Ru\u0308ckseite-150dpi-768x1085.jpeg 768w, http:\/\/countryhotelcontemporary.de\/wp-content\/uploads\/2017\/02\/CountryHotelFlyer-Ru\u0308ckseite-150dpi-725x1024.jpeg 725w\" sizes=\"(max-width: 708px) 100vw, 708px\" \/><\/p>\n<p style=\"text-align: center;\">\n","protected":false},"excerpt":{"rendered":"<p>DAS &#8220;COUNTRY HOTEL&#8221; liegt in Dernbach im Westerwald, direkt an der A3 zwischen K\u00f6ln und Frankfurt. Das Anwesen besteht aus mehreren Geb\u00e4uden, wurde als Tagungshotel betrieben, sp\u00e4ter stand es sieben Jahre lang leer. Ein pyramidenartiges, f\u00fcnfst\u00f6ckiges Geb\u00e4ude mit umlaufenden Terrassen, erbaut in den siebziger Jahren, erscheint heute als seltenes Architekturdenkmal. Mit hunderten Hotelzimmern, kleinen und [&hellip;]<\/p>\n","protected":false},"author":1,"featured_media":0,"parent":0,"menu_order":0,"comment_status":"closed","ping_status":"closed","template":"","meta":[],"_links":{"self":[{"href":"http:\/\/countryhotelcontemporary.de\/index.php?rest_route=\/wp\/v2\/pages\/105"}],"collection":[{"href":"http:\/\/countryhotelcontemporary.de\/index.php?rest_route=\/wp\/v2\/pages"}],"about":[{"href":"http:\/\/countryhotelcontemporary.de\/index.php?rest_route=\/wp\/v2\/types\/page"}],"author":[{"embeddable":true,"href":"http:\/\/countryhotelcontemporary.de\/index.php?rest_route=\/wp\/v2\/users\/1"}],"replies":[{"embeddable":true,"href":"http:\/\/countryhotelcontemporary.de\/index.php?rest_route=%2Fwp%2Fv2%2Fcomments&post=105"}],"version-history":[{"count":25,"href":"http:\/\/countryhotelcontemporary.de\/index.php?rest_route=\/wp\/v2\/pages\/105\/revisions"}],"predecessor-version":[{"id":1735,"href":"http:\/\/countryhotelcontemporary.de\/index.php?rest_route=\/wp\/v2\/pages\/105\/revisions\/1735"}],"wp:attachment":[{"href":"http:\/\/countryhotelcontemporary.de\/index.php?rest_route=%2Fwp%2Fv2%2Fmedia&parent=105"}],"curies":[{"name":"wp","href":"https:\/\/api.w.org\/{rel}","templated":true}]}}