{"id":151,"date":"2017-02-12T22:10:06","date_gmt":"2017-02-12T22:10:06","guid":{"rendered":"http:\/\/countryhotelcontemporary.de\/?page_id=151"},"modified":"2018-02-14T22:30:50","modified_gmt":"2018-02-14T22:30:50","slug":"anfahrt","status":"publish","type":"page","link":"http:\/\/countryhotelcontemporary.de\/?page_id=151","title":{"rendered":"Anfahrt"},"content":{"rendered":"<p style=\"text-align: center;\"><img decoding=\"async\" loading=\"lazy\" class=\"alignnone wp-image-724 size-full\" src=\"http:\/\/countryhotelcontemporary.de\/wp-content\/uploads\/2017\/02\/km-Schema.jpg\" width=\"704\" height=\"699\" srcset=\"http:\/\/countryhotelcontemporary.de\/wp-content\/uploads\/2017\/02\/km-Schema.jpg 704w, http:\/\/countryhotelcontemporary.de\/wp-content\/uploads\/2017\/02\/km-Schema-150x150.jpg 150w, http:\/\/countryhotelcontemporary.de\/wp-content\/uploads\/2017\/02\/km-Schema-300x298.jpg 300w, http:\/\/countryhotelcontemporary.de\/wp-content\/uploads\/2017\/02\/km-Schema-100x100.jpg 100w, http:\/\/countryhotelcontemporary.de\/wp-content\/uploads\/2017\/02\/km-Schema-200x200.jpg 200w\" sizes=\"(max-width: 704px) 100vw, 704px\" \/><\/p>\n<p style=\"text-align: center;\"><strong>Mit dem Auto <\/strong><br \/>\nDas Country Hotel liegt direkt an der A3 Frankfurt \u2013 K\u00f6ln, Abfahrt Dierdorf.<br \/>\nDie Postleitzahl ist wichtig, da es im Westerwald zwei Orte gibt, die so hei\u00dfen.<\/p>\n<p style=\"text-align: center;\"><strong>Mit \u00f6ffentlichen Verkehrsmitteln <\/strong><br \/>\nWenn Sie mit der Bahn anreisen, bis zum ICE Bahnhof Montabaur,<br \/>\nvon dort mit dem Taxi etwa 10-15 Min. bis zum Hotel.<\/p>\n<p style=\"text-align: center;\">\u00a0<iframe loading=\"lazy\" src=\"https:\/\/www.google.com\/maps\/embed?pb=!1m18!1m12!1m3!1d2535.458658216881!2d7.596111316094486!3d50.54423997948835!2m3!1f0!2f0!3f0!3m2!1i1024!2i768!4f13.1!3m3!1m2!1s0x47be8f11884e0d29%3A0x416f2ca2d3e082c0!2sCountry+Hotel!5e0!3m2!1sde!2sde!4v1486937357273\" width=\"600\" height=\"450\" frameborder=\"0\" allowfullscreen=\"allowfullscreen\"><\/iframe><\/p>\n","protected":false},"excerpt":{"rendered":"<p>Mit dem Auto Das Country Hotel liegt direkt an der A3 Frankfurt \u2013 K\u00f6ln, Abfahrt Dierdorf. Die Postleitzahl ist wichtig, da es im Westerwald zwei Orte gibt, die so hei\u00dfen. Mit \u00f6ffentlichen Verkehrsmitteln Wenn Sie mit der Bahn anreisen, bis zum ICE Bahnhof Montabaur, von dort mit dem Taxi etwa 10-15 Min. bis zum Hotel. [&hellip;]<\/p>\n","protected":false},"author":1,"featured_media":0,"parent":148,"menu_order":0,"comment_status":"closed","ping_status":"closed","template":"","meta":[],"_links":{"self":[{"href":"http:\/\/countryhotelcontemporary.de\/index.php?rest_route=\/wp\/v2\/pages\/151"}],"collection":[{"href":"http:\/\/countryhotelcontemporary.de\/index.php?rest_route=\/wp\/v2\/pages"}],"about":[{"href":"http:\/\/countryhotelcontemporary.de\/index.php?rest_route=\/wp\/v2\/types\/page"}],"author":[{"embeddable":true,"href":"http:\/\/countryhotelcontemporary.de\/index.php?rest_route=\/wp\/v2\/users\/1"}],"replies":[{"embeddable":true,"href":"http:\/\/countryhotelcontemporary.de\/index.php?rest_route=%2Fwp%2Fv2%2Fcomments&post=151"}],"version-history":[{"count":20,"href":"http:\/\/countryhotelcontemporary.de\/index.php?rest_route=\/wp\/v2\/pages\/151\/revisions"}],"predecessor-version":[{"id":798,"href":"http:\/\/countryhotelcontemporary.de\/index.php?rest_route=\/wp\/v2\/pages\/151\/revisions\/798"}],"up":[{"embeddable":true,"href":"http:\/\/countryhotelcontemporary.de\/index.php?rest_route=\/wp\/v2\/pages\/148"}],"wp:attachment":[{"href":"http:\/\/countryhotelcontemporary.de\/index.php?rest_route=%2Fwp%2Fv2%2Fmedia&parent=151"}],"curies":[{"name":"wp","href":"https:\/\/api.w.org\/{rel}","templated":true}]}}