{"id":207,"date":"2017-02-13T17:19:06","date_gmt":"2017-02-13T17:19:06","guid":{"rendered":"http:\/\/countryhotelcontemporary.de\/?page_id=207"},"modified":"2017-02-24T17:34:17","modified_gmt":"2017-02-24T17:34:17","slug":"klaus-lomnitzer","status":"publish","type":"page","link":"http:\/\/countryhotelcontemporary.de\/?page_id=207","title":{"rendered":"Klaus Lomnitzer"},"content":{"rendered":"<p style=\"text-align: center;\">Geboren 1970 in Marburg, lebt und arbeitet in Frankfurt\/Wiesbaden<\/p>\n<p style=\"text-align: center;\"><img decoding=\"async\" loading=\"lazy\" class=\"alignnone wp-image-663 size-full\" src=\"http:\/\/countryhotelcontemporary.de\/wp-content\/uploads\/2017\/02\/Lomnitzer.png\" width=\"778\" height=\"718\" srcset=\"http:\/\/countryhotelcontemporary.de\/wp-content\/uploads\/2017\/02\/Lomnitzer.png 778w, http:\/\/countryhotelcontemporary.de\/wp-content\/uploads\/2017\/02\/Lomnitzer-300x277.png 300w, http:\/\/countryhotelcontemporary.de\/wp-content\/uploads\/2017\/02\/Lomnitzer-768x709.png 768w\" sizes=\"(max-width: 778px) 100vw, 778px\" \/><\/p>\n<p>Seine Bilderwelt, resultierend einerseits aus eigenen Erfahrungen, wie z. B. Wanderungen, Reisen oder Naturerlebnissen, wird erg\u00e4nzt durch mediale Eindr\u00fccke unseres durchtechnisierten Zeitalters. Besonders in j\u00fcngerer Zeit verlangt oft die in l\u00e4ngeren Arbeitsprozessen entstandene Vielschichtigkeit in Material und Bild nach installativer H\u00e4ngung bzw. Pr\u00e4sentation. Die Arbeiten erlangen eine Offenheit zwischen Gegenst\u00e4ndlichkeit und Abstraktion, die von organischen und biomorphen Formen gepr\u00e4gt ist.\u00a0In unterschiedlichen Abstaktionsgraden und zuweilen surrealen Zusammenh\u00e4ngen pr\u00e4sentiert er Formen, mit denen er die Welt verr\u00e4tselt, um sie jenseits ihrer vermeintlichen Konstruktion und Ausrechenbarkeit zu erkennen.<\/p>\n<p>Studium der Bildenden Kunst an der Akademie f\u00fcr Bildende Kunst und der Philosophie an der Johannes-Gutenberg-Universit\u00e4t Mainz (1992-1999) \/ Auszeichnungen u.a. Kunstpreis der Stadt Limburg (1999), Georg-Christoph-Lichtenberg-Preis f\u00fcr Malerei und F\u00f6rderpreis f\u00fcr Bildende Kunst der Stadt Mainz (2005) \/ Stipendium K\u00fcnstlerhaus Edenkoben und Kahnweiler-Preis f\u00fcr Malerei (2012). \/ Vertretungsprofessur f\u00fcr Malerei am Institut f\u00fcr Kunstp\u00e4dagogik der Goethe-Universit\u00e4t Frankfurt am Main (2012-2016) \/ Professur f\u00fcr Grafik und Malerei an der Philipps-Universit\u00e4t Marburg (seit 2016).<\/p>\n<p><strong>Ausstellungen (Auswahl):<\/strong><\/p>\n<p><strong> EA <\/strong> 2015: Chelsea-Galerie, Laufen\/Basel \/ 2013: \u201edas staunen des kleibers \u00fcber sein dasein als spechtmeise\u201c, Marburger Kunstverein \/ 2012: \u201etrotzlust\u201c, Essenheimer Kunstverein \/ 2011: \u201e[tswi:]\u201c, Kunstverein Ludwigshafen und Kunstverein M\u00fcnsterland, Coesfeld \/ 2010: \u201ebiotope\u201c, St\u00e4dtische Galerie Tuttlingen ; \u201eleichtschwarz\u201c, St\u00e4dtische Galerie Ostfildern \/ 2007: \u201eremembrane\u201c Kunstverein Konstanz u. a.<\/p>\n<p><strong>GA<\/strong> \u00a02012: \u201eschl\u00e4ft ein lied in allen dingen\u201c, Kunstverein Bellevuesaal Wiesbaden (mit Petra Mattheis) \/ 2011: \u201eTransparente Bilderwelten\u201c, QuadrART, Dornbirn, A. \/ 2010: \u201eDie Kunst der Natur\u2026\u201c, K\u00fcnstlerverein Walkm\u00fchle, Wiesbaden \/ \u201ewas kommt, was geht\u201c, Projektraum Knut Osper, K\u00f6ln \/ 2009: \u201efabul\u00f6s\u201c, Kunstverein Villa Streccius, Landau \/ 2006: \u201eSpuren und Erinnerung\u201c FKB Frankfurter KunstBlock, Frankfurt am Main ; \u201eRevision\u201c, Kunstsammlungen der Stadt Limburg u. a.<\/p>\n","protected":false},"excerpt":{"rendered":"<p>Geboren 1970 in Marburg, lebt und arbeitet in Frankfurt\/Wiesbaden Seine Bilderwelt, resultierend einerseits aus eigenen Erfahrungen, wie z. B. Wanderungen, Reisen oder Naturerlebnissen, wird erg\u00e4nzt durch mediale Eindr\u00fccke unseres durchtechnisierten Zeitalters. Besonders in j\u00fcngerer Zeit verlangt oft die in l\u00e4ngeren Arbeitsprozessen entstandene Vielschichtigkeit in Material und Bild nach installativer H\u00e4ngung bzw. Pr\u00e4sentation. Die Arbeiten erlangen [&hellip;]<\/p>\n","protected":false},"author":2,"featured_media":0,"parent":13,"menu_order":8,"comment_status":"closed","ping_status":"closed","template":"template-fullwidth.php","meta":[],"_links":{"self":[{"href":"http:\/\/countryhotelcontemporary.de\/index.php?rest_route=\/wp\/v2\/pages\/207"}],"collection":[{"href":"http:\/\/countryhotelcontemporary.de\/index.php?rest_route=\/wp\/v2\/pages"}],"about":[{"href":"http:\/\/countryhotelcontemporary.de\/index.php?rest_route=\/wp\/v2\/types\/page"}],"author":[{"embeddable":true,"href":"http:\/\/countryhotelcontemporary.de\/index.php?rest_route=\/wp\/v2\/users\/2"}],"replies":[{"embeddable":true,"href":"http:\/\/countryhotelcontemporary.de\/index.php?rest_route=%2Fwp%2Fv2%2Fcomments&post=207"}],"version-history":[{"count":7,"href":"http:\/\/countryhotelcontemporary.de\/index.php?rest_route=\/wp\/v2\/pages\/207\/revisions"}],"predecessor-version":[{"id":690,"href":"http:\/\/countryhotelcontemporary.de\/index.php?rest_route=\/wp\/v2\/pages\/207\/revisions\/690"}],"up":[{"embeddable":true,"href":"http:\/\/countryhotelcontemporary.de\/index.php?rest_route=\/wp\/v2\/pages\/13"}],"wp:attachment":[{"href":"http:\/\/countryhotelcontemporary.de\/index.php?rest_route=%2Fwp%2Fv2%2Fmedia&parent=207"}],"curies":[{"name":"wp","href":"https:\/\/api.w.org\/{rel}","templated":true}]}}