{"id":25,"date":"2017-02-12T08:43:43","date_gmt":"2017-02-12T08:43:43","guid":{"rendered":"http:\/\/countryhotelcontemporary.de\/?page_id=25"},"modified":"2025-03-23T10:40:46","modified_gmt":"2025-03-23T10:40:46","slug":"impressum","status":"publish","type":"page","link":"http:\/\/countryhotelcontemporary.de\/?page_id=25","title":{"rendered":"Kontakt"},"content":{"rendered":"<p style=\"text-align: center;\"><strong>\u00a0Initiation\/Organisation<\/strong><br \/>\nLappiyul Park<br \/>\n<em>lappiyul(a)gmail.com<\/em><\/p>\n<p style=\"text-align: center;\"><strong>Gestaltung der Drucksachen<\/strong><br \/>\nMin-Ho Gu<br \/>\n<em>gu.kim.zong.i(a)gmail.com<\/em><\/p>\n<p style=\"text-align: center;\">&#8212;<\/p>\n<p style=\"text-align: center;\">Partner<\/p>\n<p style=\"text-align: center;\"><strong>Gesch\u00e4ftsf\u00fchrung (Country Hotel)<\/strong><br \/>\nHans Martin Schmidt<br \/>\n<em>info(a)country-hotel-dernbach.de<\/em><strong><br \/>\n<\/strong><\/p>\n<p style=\"text-align: center;\"><strong>Hausmanagement (Country Hotel)<\/strong><br \/>\nWolfgang M\u00fcller<br \/>\n<em>info(a)country-hotel-dernbach.de<\/em><strong><br \/>\n<\/strong><\/p>\n<p style=\"text-align: center;\">&#8212;<\/p>\n<p style=\"text-align: center;\">\u00a0<img decoding=\"async\" loading=\"lazy\" class=\"alignnone wp-image-788\" src=\"http:\/\/countryhotelcontemporary.de\/wp-content\/uploads\/2017\/02\/io-edition-No.3-229x300.png\" alt=\"\" width=\"110\" height=\"158\" \/><\/p>\n<p style=\"text-align: center;\">2017<\/p>\n<p style=\"text-align: center;\">io-edition: gegr\u00fcndet von Lappiyul Park 2014 urspr\u00fcnglich als Kleinverlag in Seoul, ist auch eine internationale und interdisziplin\u00e4re Projektorganisation, die sich nicht nur mit Ver\u00f6ffentlichung besch\u00e4ftigt, sondern unterschiedliche interdisziplin\u00e4re Projekte organisiert und durchf\u00fchrt, in einer Form der eingeschr\u00e4nkten Herausgabe (=Edition) zwischen Ausstellung, Auff\u00fchrung, Audioprojekt u. a. (io.edition.io(a)gmail.com)<\/p>\n","protected":false},"excerpt":{"rendered":"<p>\u00a0Initiation\/Organisation Lappiyul Park lappiyul(a)gmail.com Gestaltung der Drucksachen Min-Ho Gu gu.kim.zong.i(a)gmail.com &#8212; Partner Gesch\u00e4ftsf\u00fchrung (Country Hotel) Hans Martin Schmidt info(a)country-hotel-dernbach.de Hausmanagement (Country Hotel) Wolfgang M\u00fcller info(a)country-hotel-dernbach.de &#8212; \u00a0 2017 io-edition: gegr\u00fcndet von Lappiyul Park 2014 urspr\u00fcnglich als Kleinverlag in Seoul, ist auch eine internationale und interdisziplin\u00e4re Projektorganisation, die sich nicht nur mit Ver\u00f6ffentlichung besch\u00e4ftigt, sondern unterschiedliche [&hellip;]<\/p>\n","protected":false},"author":1,"featured_media":0,"parent":0,"menu_order":0,"comment_status":"closed","ping_status":"closed","template":"","meta":[],"_links":{"self":[{"href":"http:\/\/countryhotelcontemporary.de\/index.php?rest_route=\/wp\/v2\/pages\/25"}],"collection":[{"href":"http:\/\/countryhotelcontemporary.de\/index.php?rest_route=\/wp\/v2\/pages"}],"about":[{"href":"http:\/\/countryhotelcontemporary.de\/index.php?rest_route=\/wp\/v2\/types\/page"}],"author":[{"embeddable":true,"href":"http:\/\/countryhotelcontemporary.de\/index.php?rest_route=\/wp\/v2\/users\/1"}],"replies":[{"embeddable":true,"href":"http:\/\/countryhotelcontemporary.de\/index.php?rest_route=%2Fwp%2Fv2%2Fcomments&post=25"}],"version-history":[{"count":69,"href":"http:\/\/countryhotelcontemporary.de\/index.php?rest_route=\/wp\/v2\/pages\/25\/revisions"}],"predecessor-version":[{"id":2017,"href":"http:\/\/countryhotelcontemporary.de\/index.php?rest_route=\/wp\/v2\/pages\/25\/revisions\/2017"}],"wp:attachment":[{"href":"http:\/\/countryhotelcontemporary.de\/index.php?rest_route=%2Fwp%2Fv2%2Fmedia&parent=25"}],"curies":[{"name":"wp","href":"https:\/\/api.w.org\/{rel}","templated":true}]}}