{"id":28,"date":"2017-02-12T08:44:18","date_gmt":"2017-02-12T08:44:18","guid":{"rendered":"http:\/\/countryhotelcontemporary.de\/?page_id=28"},"modified":"2017-04-05T17:32:15","modified_gmt":"2017-04-05T17:32:15","slug":"martin-pfeifle","status":"publish","type":"page","link":"http:\/\/countryhotelcontemporary.de\/?page_id=28","title":{"rendered":"Martin Pfeifle"},"content":{"rendered":"<p style=\"text-align: center;\">Geboren 1977 in Stuttgart, lebt und arbeitet in D\u00fcsseldorf<\/p>\n<p><img decoding=\"async\" loading=\"lazy\" class=\"aligncenter wp-image-664 size-full\" src=\"http:\/\/countryhotelcontemporary.de\/wp-content\/uploads\/2017\/02\/Martin-Pfeifle.png\" width=\"774\" height=\"579\" srcset=\"http:\/\/countryhotelcontemporary.de\/wp-content\/uploads\/2017\/02\/Martin-Pfeifle.png 774w, http:\/\/countryhotelcontemporary.de\/wp-content\/uploads\/2017\/02\/Martin-Pfeifle-300x224.png 300w, http:\/\/countryhotelcontemporary.de\/wp-content\/uploads\/2017\/02\/Martin-Pfeifle-768x575.png 768w\" sizes=\"(max-width: 774px) 100vw, 774px\" \/><\/p>\n<p>Als Bildhauer schafft Martin Pfeifle oft tempor\u00e4r raumbezogene Installationen aus modernen Baumaterialen: Holzplanen, Gipskarton, Lack, Tepppich, Fliesen, Folien, Spanplatten, Styropor, Neonr\u00f6hren usw. Seine Installationen nehmen oft ihren gesamten Ausstellungsraum in Beschlag. Als tempor\u00e4rer Eingriff sichtbar, \u00fcberw\u00e4ltigen sie durch raumf\u00fcllende, alles beherrschende Geste. Der Betrachter erf\u00e4hrt dieses unmittelbar, wird Teil der Arbeit, Teil einer Erfahrung, die weit \u00fcber die spezifische Raumsituation hinausgeht. Pfeifles absolut unpr\u00e4tenti\u00f6ser, gleichsam lustvoller wie sinnlicher Umgang mit modernen Materialien er\u00f6ffnet einen neuen Blick auf die Skulptur und davon ausgehend auf die \u00e4sthetische Wahrnehmung.<\/p>\n<p>Studium an der Kunstakademie D\u00fcsseldorf bei Tony Cragg und Hubert Kiecol (1998-2004). \/ Vertretungsprofessur an der Kunstakademie Karlsruhe (2009-2010) \/ F\u00f6rderpreis f\u00fcr bildene Kunst der Landeshauptstadt D\u00fcsseldorf (2007) und des Landes NRW (2009) \/ Aufenthalts-\/u. Arbeitsstipendien: Villa Romana (2010, Florenz), Kunstfonds Bonn (2009), Kunststiftung Badenw\u00fcrttemberg, Schloss Ringenberg (NRW), Wilhelm Lembruck Stipendium der Stadt Duisburg u. a.<\/p>\n<p><strong>Ausstellungen (Auswahl):<\/strong><\/p>\n<p><strong>EA \u00a0<\/strong>2015: \u201eflowpole\u201c Kunstraum Fuhrwerkswaage, K\u00f6ln \/ 2013: \u201eSAMSA. Einfach dreifach\u201c Museum f\u00fcr Konkrete Kunst Ingolstadt \/ 2012: \u201eClaver\u201c Kunstverein M\u00f6nchengladbach MMIII \/ 2011: \u201eGELBORANGE\u201c Kunstverein Bochum, Haus Kemnade \/ 2010: \u201eKIW\u201cI Goetheinstitut Rom, Italien \/ 2009: \u201eIsidor\u201c Museum Goch ; \u201eLELA\u201c Kunsthaus Erfurt u. a.<\/p>\n<p><strong>GA<\/strong> \u00a02016: \u201eDystotal\u201c Ludwig Forum f\u00fcr Internationale Kunst, Aachen <strong>\/<\/strong> 2015: \u201ethoughts around the black square\u201c Vasarely Museum, Budapest, HU <strong>; <\/strong>\u201eRicette dArtista\u201c Kunst Meran\/Merano Arte, Meran, Italy <strong>\/<\/strong> 2014: \u201eDer entfesselte Blick\u201c die Br\u00fcder Rasch, Marta Herford ; EICHBAUMGOLD\u201c mit Wanda Sebastian, MAP, Urbane K\u00fcnste Ruhr, Essen ; \u201eScheinwerfer II\u201c, Kunstmuseum Celle \/ 2013: \u201eArtZuid Amsterdam\u201c International Sculpture Route, Amsterdam, NL ; \u201eEinfach dreifach\u201c Museum f\u00fcr Konkrete Kunst Ingolstadt ; \u201eGoldrausch\u201c Villa Merkel, Esslingen \/ 2012: \u201etransmission\u201c Kunstverein W1111, D\u00fcsseldorf \/ 2011: \u201eZwischen R\u00e4umen\u201c Kunstverein G\u00f6ttingen ; \u201eSunbeam in the Glashouse\u201c im ehem. Amerikanische Generalkonsulat, 701 e.V., D\u00fcsseldorf \/ 2010: \u201eNeues Rheinland\u201c Museum Morsbroich, Leverkusen u. a.<\/p>\n<p><a href=\"http:\/\/www.pfeifle.de\/\">http:\/\/www.pfeifle.de<\/a><\/p>\n","protected":false},"excerpt":{"rendered":"<p>Geboren 1977 in Stuttgart, lebt und arbeitet in D\u00fcsseldorf Als Bildhauer schafft Martin Pfeifle oft tempor\u00e4r raumbezogene Installationen aus modernen Baumaterialen: Holzplanen, Gipskarton, Lack, Tepppich, Fliesen, Folien, Spanplatten, Styropor, Neonr\u00f6hren usw. Seine Installationen nehmen oft ihren gesamten Ausstellungsraum in Beschlag. Als tempor\u00e4rer Eingriff sichtbar, \u00fcberw\u00e4ltigen sie durch raumf\u00fcllende, alles beherrschende Geste. Der Betrachter erf\u00e4hrt dieses [&hellip;]<\/p>\n","protected":false},"author":1,"featured_media":0,"parent":13,"menu_order":0,"comment_status":"closed","ping_status":"closed","template":"template-fullwidth.php","meta":[],"_links":{"self":[{"href":"http:\/\/countryhotelcontemporary.de\/index.php?rest_route=\/wp\/v2\/pages\/28"}],"collection":[{"href":"http:\/\/countryhotelcontemporary.de\/index.php?rest_route=\/wp\/v2\/pages"}],"about":[{"href":"http:\/\/countryhotelcontemporary.de\/index.php?rest_route=\/wp\/v2\/types\/page"}],"author":[{"embeddable":true,"href":"http:\/\/countryhotelcontemporary.de\/index.php?rest_route=\/wp\/v2\/users\/1"}],"replies":[{"embeddable":true,"href":"http:\/\/countryhotelcontemporary.de\/index.php?rest_route=%2Fwp%2Fv2%2Fcomments&post=28"}],"version-history":[{"count":10,"href":"http:\/\/countryhotelcontemporary.de\/index.php?rest_route=\/wp\/v2\/pages\/28\/revisions"}],"predecessor-version":[{"id":232,"href":"http:\/\/countryhotelcontemporary.de\/index.php?rest_route=\/wp\/v2\/pages\/28\/revisions\/232"}],"up":[{"embeddable":true,"href":"http:\/\/countryhotelcontemporary.de\/index.php?rest_route=\/wp\/v2\/pages\/13"}],"wp:attachment":[{"href":"http:\/\/countryhotelcontemporary.de\/index.php?rest_route=%2Fwp%2Fv2%2Fmedia&parent=28"}],"curies":[{"name":"wp","href":"https:\/\/api.w.org\/{rel}","templated":true}]}}