{"id":48,"date":"2017-02-12T09:56:41","date_gmt":"2017-02-12T09:56:41","guid":{"rendered":"http:\/\/countryhotelcontemporary.de\/?page_id=48"},"modified":"2017-03-26T18:52:25","modified_gmt":"2017-03-26T18:52:25","slug":"sven-fritz","status":"publish","type":"page","link":"http:\/\/countryhotelcontemporary.de\/?page_id=48","title":{"rendered":"Sven Fritz"},"content":{"rendered":"<p style=\"text-align: center;\">Geboren 1976 in Idar-Oberstein, lebt und arbeitet in Wiesbaden und Frankfurt<\/p>\n<p style=\"text-align: center;\"><img decoding=\"async\" loading=\"lazy\" class=\"aligncenter size-full wp-image-816\" src=\"http:\/\/countryhotelcontemporary.de\/wp-content\/uploads\/2017\/03\/Sven-Fritz.jpg\" alt=\"\" width=\"786\" height=\"772\" srcset=\"http:\/\/countryhotelcontemporary.de\/wp-content\/uploads\/2017\/03\/Sven-Fritz.jpg 786w, http:\/\/countryhotelcontemporary.de\/wp-content\/uploads\/2017\/03\/Sven-Fritz-300x295.jpg 300w, http:\/\/countryhotelcontemporary.de\/wp-content\/uploads\/2017\/03\/Sven-Fritz-768x754.jpg 768w\" sizes=\"(max-width: 786px) 100vw, 786px\" \/><\/p>\n<p style=\"text-align: center;\">\n<p>Seine Malerei hat in gewisser Hinsicht einen objekthaften Charakter. Farben und Bildtr\u00e4ger sind als Materialien sp\u00fcrbar. Handlungen wie das Ziehen von Linien, Fr\u00e4sen, Bohren, Abkleben, Streichen, Spachteln, Drucken, Collagieren usw. lassen vielschichtige Strukturen entstehen, deren Motivik kaum zu benennen sind. \u201e<em>Die Spuren machen nur Sinn als Zeichen im Rahmen einer Geschichte des Materials. Und was sie erz\u00e4hlt, ist das, was getan wurde \u2013 und sie erz\u00e4hlt es ganz beil\u00e4ufig.<\/em>\u201c Dabei verbindet alle Arbeiten grunds\u00e4tzlich dieselbe Logik der Bildfindung: Es geht um eine bestimmte Abweichung von einer handwerklichen Handhabung des Materials. Er gibt \u201e<em>in kontrollierter Weise Kontrolle ab. Durch diese Delegierung der konkreten Formsetzung wird der gezielte Mi\u00dfbrauch des Materials zur gestaltenden Kraft<\/em>\u201c (Zitate: Stephan Engelke)<\/p>\n<p>&nbsp;<\/p>\n<p>Studium der Bildenden Kunst an der Akademie f\u00fcr Bildende K\u00fcnste Mainz bei Prof. Winfried Virnich (2003-2007) \/ Stipendiat der Studienstiftung des deutschen Volkes (2005-2009) \/ Studium an der Kunstakademie D\u00fcsseldorf bei Prof. Thomas Gr\u00fcnfeld (2007-2009).<\/p>\n<p>&nbsp;<\/p>\n<p><strong>Ausstellungen (Auswahl): <\/strong><\/p>\n<p><strong>EA \u00a0<\/strong>2013: \u201eKette\u201c, Ringstube, Mainz \/ 2010: \u201eVerpflanzung\u201c, Sebastian Brandl, K\u00f6ln \/ 2009: \u201ePER, Race Fast Safe Car\u201c (mit Markus Zimmermann), K\u00f6ln \/ 2007: \u201eTropen\u201c, Sebastian Brandl, K\u00f6ln<\/p>\n<p style=\"text-align: left;\"><strong>GA<\/strong> \u00a02016: \u201eAmor Vacui, Frontviews\u201c, Lage Egal, Berlin \/ 2015: \u201ead lib\u201c, D\u00fcsseldorf \/ 2014: \u201eSieg \u00fcber die Sonne. Abstrakte Positionen\u201c, Galerie Rupert Pfab, D\u00fcsseldorf ; \u201eDelta-Beben. Regionale 2014\u201c, Kunstverein Ludwigshafen ; 2013: \u201eBrussels Cologne Contemporaries\u201c, MAD, Br\u00fcssel \/ 2012: \u201eFamilientreffen\u201c, Atelier Frankfurt ; \u201eThe Reality Of The Unbuilt\u201c, Abraham-Geb\u00e4ude, Museum Insel Hombroich, Neuss \/ 2009: \u201eF\u00fcr Mutti\u201c (mit Franz Burkhardt, Jan Stieding), Zentrum Alte Kirche, Niedernhausen\/Ts ; \u201eTrinken als Chance\u201c, Salon Schmitz, K\u00f6ln \/ 2008: \u201eCompany\u201c, Galerie Witzel, Wiesbaden ; \u201eFieber tief in den Taschen\u201c, Schloss Waldhausen, Mainz \/ 2007: \u201eDie Original Invasion\u201c, Polypolis D\u00fcsseldorf ; \u201ePolypolis 1\u201c, Haupt-bahnhof Mainz \/ 2005: \u201eEmy-R\u00f6der Preis. Junge Rheinland-Pf\u00e4lzer K\u00fcnstlerInnen\u201c, Kunstverein Ludwigshafen u. a.<\/p>\n<p><a href=\"http:\/\/www.svenfritz.com\/\">http:\/\/www.svenfritz.com<\/a><\/p>\n","protected":false},"excerpt":{"rendered":"<p>Geboren 1976 in Idar-Oberstein, lebt und arbeitet in Wiesbaden und Frankfurt Seine Malerei hat in gewisser Hinsicht einen objekthaften Charakter. Farben und Bildtr\u00e4ger sind als Materialien sp\u00fcrbar. Handlungen wie das Ziehen von Linien, Fr\u00e4sen, Bohren, Abkleben, Streichen, Spachteln, Drucken, Collagieren usw. lassen vielschichtige Strukturen entstehen, deren Motivik kaum zu benennen sind. \u201eDie Spuren machen nur [&hellip;]<\/p>\n","protected":false},"author":1,"featured_media":0,"parent":13,"menu_order":4,"comment_status":"closed","ping_status":"closed","template":"template-fullwidth.php","meta":[],"_links":{"self":[{"href":"http:\/\/countryhotelcontemporary.de\/index.php?rest_route=\/wp\/v2\/pages\/48"}],"collection":[{"href":"http:\/\/countryhotelcontemporary.de\/index.php?rest_route=\/wp\/v2\/pages"}],"about":[{"href":"http:\/\/countryhotelcontemporary.de\/index.php?rest_route=\/wp\/v2\/types\/page"}],"author":[{"embeddable":true,"href":"http:\/\/countryhotelcontemporary.de\/index.php?rest_route=\/wp\/v2\/users\/1"}],"replies":[{"embeddable":true,"href":"http:\/\/countryhotelcontemporary.de\/index.php?rest_route=%2Fwp%2Fv2%2Fcomments&post=48"}],"version-history":[{"count":7,"href":"http:\/\/countryhotelcontemporary.de\/index.php?rest_route=\/wp\/v2\/pages\/48\/revisions"}],"predecessor-version":[{"id":817,"href":"http:\/\/countryhotelcontemporary.de\/index.php?rest_route=\/wp\/v2\/pages\/48\/revisions\/817"}],"up":[{"embeddable":true,"href":"http:\/\/countryhotelcontemporary.de\/index.php?rest_route=\/wp\/v2\/pages\/13"}],"wp:attachment":[{"href":"http:\/\/countryhotelcontemporary.de\/index.php?rest_route=%2Fwp%2Fv2%2Fmedia&parent=48"}],"curies":[{"name":"wp","href":"https:\/\/api.w.org\/{rel}","templated":true}]}}