{"id":57,"date":"2017-02-12T09:57:48","date_gmt":"2017-02-12T09:57:48","guid":{"rendered":"http:\/\/countryhotelcontemporary.de\/?page_id=57"},"modified":"2017-02-24T17:33:35","modified_gmt":"2017-02-24T17:33:35","slug":"juergen-krause","status":"publish","type":"page","link":"http:\/\/countryhotelcontemporary.de\/?page_id=57","title":{"rendered":"J\u00fcrgen Krause"},"content":{"rendered":"<p style=\"text-align: center;\">Geboren 1971 in Tettnang, lebt und arbeitet in Frankfurt a. M.<\/p>\n<p><img decoding=\"async\" loading=\"lazy\" class=\"aligncenter wp-image-661 size-full\" src=\"http:\/\/countryhotelcontemporary.de\/wp-content\/uploads\/2017\/02\/Krause.png\" width=\"763\" height=\"668\" srcset=\"http:\/\/countryhotelcontemporary.de\/wp-content\/uploads\/2017\/02\/Krause.png 763w, http:\/\/countryhotelcontemporary.de\/wp-content\/uploads\/2017\/02\/Krause-300x263.png 300w\" sizes=\"(max-width: 763px) 100vw, 763px\" \/><\/p>\n<p>Seine Arbeit geht aus der Kontinuit\u00e4t der Wiederholung hervor. Zum Beispiel ist er wiederholt zu Fu\u00df gegangen: am 50. Breitengrad von Mainz nach Osten und Westen und am 10. L\u00e4ngengrad vom Main nach Norden und S\u00fcden; Seit 1998 zieht er freihand Linien, l\u00e4ngs und quer, m\u00f6glichst wie beim Karopapier; Seit 1999 schneidet er von Hand, mit einem Messer, m\u00f6glichst runde L\u00f6cher in wei\u00dfe Papiere. (Die herausgeschnittenen Papierscheiben verwendet er als Konfetti.); Holz oder Papier als Bildtr\u00e4ger grundiert er viellagig von beiden Seiten seit 2002, und sch\u00e4rft auch Klingen von Hand auf Schleifsteinen.<\/p>\n<p>Durch diese intensiven T\u00e4tigkeiten, die von den \u00fcblichen Zwecken und Bedeutungen der Materialien und der Handlungen abweichen, werden die Materialien \u201cverschwendet\u201d bzw. abgenutzt, aber zugleich wachsen sie zu einem anderen\/erneuerten Zustand an: mit der Zeit und mit dem K\u00f6rper des K\u00fcnstlers selbst.<\/p>\n<p>Studium an der Kunstakademie in Mainz bei Klaus Vogelgesang (1994-2000) und an der Hochschule f\u00fcr Bildende K\u00fcnste\/ St\u00e4delschule in Frankfurt am Main bei Thomas Bayrle (2000-2001). \/ Stipendium der Baden-W\u00fcttemberg, Ludwig-Gies-Preis der Letter-Stiftung (2004), Reisestipendium der Hessischen Kulturstiftung (2009), F\u00f6rderpreis f\u00fcr Bildende Kunst der Stadt Mainz (2009), Dr.-Rolf-Seisser-Preis des Lion Club (2010), Arbeitsstipendium der Stiftung Kunstfonds (2014)<\/p>\n<p><strong>Ausstellungen (Auswahl):<\/strong><\/p>\n<p><strong>EA<\/strong> \u00a02015: \u201eJapanisches Stemmeisen (Oire Nomi)\u201c, Bischoff Projects, Frankfurt \/ 2013: Museum Wiesbaden \/ 2010: \u201eBlatt-schneidearbeit 2009\/10\u201c, Bischoff Projects, Frankfurt \/ 2009: Polarraum, Hamburg \/ 2005: Kunstverein N\u00fcrnberg<\/p>\n<p><strong>GA<\/strong> 2016: \u201eEchtzeit &#8211; die Kunst der Langsamkeit\u201c, Kunstmuseum Bonn ; \u201eDie unendliche Feinheit des Kausalgewebes\u201c (im Rahmen der Ausstellung \u201eDie Kr\u00e4fte hinter den Formen\u201c), Museen Haus Lange Haus Esters, Krefeld ; \u201eAbsence of logic\u201c, Despacio, San Jose (Costa Rica) ; \u201e&#8230;\u201c, Christine K\u00f6nig Galerie, Wien \/ 2015: \u201eDisegno &#8211; Zeichenkunst f\u00fcr das 21. Jahrhundert\u201c, Kupferstichkabinett Dresden ; \u201eTransfer\u201c, Rathausgalerie M\u00fcnchen ; \u201epaint.specific\u201c, Grieder Contemporary, Z\u00fcrich ; \u201eDie unendliche Feinheit des Kausalgewebes\u201c (im Rahmen der Ausstellung \u201eDie Kr\u00e4fte hinter den Formen\u201c), Galerie im Taxispalais, Innsbruck \/ 2014: \u201eFremd bin ich eingezogen\u2026\u201c, Kunstverein Heidelberg ; \u201eDeltabeben\u201c, Kunstverein Ludwigshafen <strong>\/<\/strong> 2011: \u201eAus dem Bleistiftgebiet\u201c, Van Horn, D\u00fcsseldorf <strong>\/<\/strong> 2010: \u201eWo es beginnt, da h\u00f6rt es auch auf\u201c, 1822-Forum (mit Florian Jennett) \/ 2009: \u201eAlle Zeit der Welt\u201c, Kunsthalle Mainz <strong>\/<\/strong> 2007: \u201eBild Macht Wissen\u201c, Galerie 5020 u. a.<\/p>\n<p><a href=\"http:\/\/www.juergenkrause.info\">http:\/\/www.juergenkrause.info<\/a><\/p>\n","protected":false},"excerpt":{"rendered":"<p>Geboren 1971 in Tettnang, lebt und arbeitet in Frankfurt a. M. Seine Arbeit geht aus der Kontinuit\u00e4t der Wiederholung hervor. Zum Beispiel ist er wiederholt zu Fu\u00df gegangen: am 50. Breitengrad von Mainz nach Osten und Westen und am 10. L\u00e4ngengrad vom Main nach Norden und S\u00fcden; Seit 1998 zieht er freihand Linien, l\u00e4ngs und [&hellip;]<\/p>\n","protected":false},"author":1,"featured_media":0,"parent":13,"menu_order":7,"comment_status":"closed","ping_status":"closed","template":"template-fullwidth.php","meta":[],"_links":{"self":[{"href":"http:\/\/countryhotelcontemporary.de\/index.php?rest_route=\/wp\/v2\/pages\/57"}],"collection":[{"href":"http:\/\/countryhotelcontemporary.de\/index.php?rest_route=\/wp\/v2\/pages"}],"about":[{"href":"http:\/\/countryhotelcontemporary.de\/index.php?rest_route=\/wp\/v2\/types\/page"}],"author":[{"embeddable":true,"href":"http:\/\/countryhotelcontemporary.de\/index.php?rest_route=\/wp\/v2\/users\/1"}],"replies":[{"embeddable":true,"href":"http:\/\/countryhotelcontemporary.de\/index.php?rest_route=%2Fwp%2Fv2%2Fcomments&post=57"}],"version-history":[{"count":7,"href":"http:\/\/countryhotelcontemporary.de\/index.php?rest_route=\/wp\/v2\/pages\/57\/revisions"}],"predecessor-version":[{"id":689,"href":"http:\/\/countryhotelcontemporary.de\/index.php?rest_route=\/wp\/v2\/pages\/57\/revisions\/689"}],"up":[{"embeddable":true,"href":"http:\/\/countryhotelcontemporary.de\/index.php?rest_route=\/wp\/v2\/pages\/13"}],"wp:attachment":[{"href":"http:\/\/countryhotelcontemporary.de\/index.php?rest_route=%2Fwp%2Fv2%2Fmedia&parent=57"}],"curies":[{"name":"wp","href":"https:\/\/api.w.org\/{rel}","templated":true}]}}