{"id":61,"date":"2017-02-12T10:00:56","date_gmt":"2017-02-12T10:00:56","guid":{"rendered":"http:\/\/countryhotelcontemporary.de\/?page_id=61"},"modified":"2017-02-27T16:45:53","modified_gmt":"2017-02-27T16:45:53","slug":"stephan-engelke","status":"publish","type":"page","link":"http:\/\/countryhotelcontemporary.de\/?page_id=61","title":{"rendered":"Stephan Engelke"},"content":{"rendered":"<p style=\"text-align: center;\">Geboren 1978 in Mainz, lebt und arbeitet in Duisburg und D\u00fcsseldorf<\/p>\n<p style=\"text-align: center;\"><img decoding=\"async\" loading=\"lazy\" class=\"alignnone wp-image-710 size-full\" src=\"http:\/\/countryhotelcontemporary.de\/wp-content\/uploads\/2017\/02\/Stephan-Engelke.jpg\" width=\"945\" height=\"850\" srcset=\"http:\/\/countryhotelcontemporary.de\/wp-content\/uploads\/2017\/02\/Stephan-Engelke.jpg 945w, http:\/\/countryhotelcontemporary.de\/wp-content\/uploads\/2017\/02\/Stephan-Engelke-300x270.jpg 300w, http:\/\/countryhotelcontemporary.de\/wp-content\/uploads\/2017\/02\/Stephan-Engelke-768x691.jpg 768w\" sizes=\"(max-width: 945px) 100vw, 945px\" \/><\/p>\n<p>Der \u201eBildhauer\u201c Stephan Engelke arbeitet \u00fcberwiegend mit Wandobjekten, die farblich gefa\u00dft sind, bzw. wie Gem\u00e4lde behandelt werden. Er verschmilzt die zwei Dimensionen der Malerei mit der dritten, r\u00e4umlichen Dimension der Skulptur. So sind die r\u00e4umlichen Formationen nur zusammen mit der Farbe zu sehen und zu verstehen, genauso wie umgekehrt die Farbfl\u00e4chen nur als Raumobjekte funktionieren. Das eine ist vom anderen nicht getrennt zu lesen, es gibt also nicht ein Bild auf einem Objekt oder ein eher akzidentiell farbliches Objekt, sondern schlicht eine Skulptur (oder Relief), das genau und nur in der gegebenen Farbkonstellation existiert.<\/p>\n<p>Studium an der Akademie f\u00fcr Bildende K\u00fcnste Mainz (Prof. Winfried Virnich) und Kunstakademie D\u00fcsseldorf (Prof. Hubert Kiecol). \/ Atelierstipendium K\u00fcnstleraustausch <em>PASSAGE<\/em>, D\u00fcsseldorf-Toulouse (2012). \/ Kuratorische und organisatorische Beteiligung am Ausstellungsraum \u201eRingstube\u201c in Mainz (2010-2013). \/ Initiierung und kuratorische Umsetzung der Ausstellungsreihe \u201ead lib.\u201c in D\u00fcsseldorf.<\/p>\n<p><strong>Ausstellungen (Auswahl): <\/strong><\/p>\n<p><strong>EA \u00a0<\/strong>2013: \u201eShanty\u201c, Vitrine im K\u00fcnstlerverein Malkasten, D\u00fcsseldorf \/ 2012: \u201ebaraque baroque\u201c, Ausstellungsraum AD, Bremen \/ 2011: \u201econcrete matters\u201c, Baustelle-Schaustelle, Essen \/ 2010: \u201eStephan Engelke \/ Heinrich Weid\u201c, Raum f\u00fcr vollendete Tatsachen, D\u00fcsseldorf.<\/p>\n<p><strong>GA \u00a0<\/strong>2016: \u201eHYPER-DIS-SELF-BOOM-BOX\u201c, Container.jetzt, D\u00fcsseldorf <strong>\/<\/strong> 2015: \u201eY\u201c, Philipp von Rosen Galerie, K\u00f6ln ; Ausstellungsreihe \u201ead lib.\u201c, D\u00fcsseldorf <strong>\/<\/strong> 2014: \u201eSic\u201c, Direktion, Frankfurt a. Main \/ 2013: \u201eStelldichein\u201c, Bruch&amp;Dallas, K\u00f6ln ; \u201eSo\u201c, Trickster im Kunstraum Gagarin, D\u00fcsseldorf \/ 2012: \u201eThe Reality of The Unbuilt\u201c, Stiftung Insel Hombroich, Raketenstation \/ Haus f\u00fcr Musiker ; Ausstellung im Rahmen des K\u00fcnstleraustausches D\u00fcsseldorf-Toulouse PASSAGE \/ 2011: \u201eERKENNE DIE LAGE\u201c, hinterconti, Hamburg \/ 2010: \u201eTHIS WAY FRAGILE\u201c, Ausstellungsraum Ringstube, Mainz u. a.<\/p>\n<p><a href=\"http:\/\/www.stephanengelke.com\/index.htm\">http:\/\/www.stephanengelke.com<\/a><\/p>\n","protected":false},"excerpt":{"rendered":"<p>Geboren 1978 in Mainz, lebt und arbeitet in Duisburg und D\u00fcsseldorf Der \u201eBildhauer\u201c Stephan Engelke arbeitet \u00fcberwiegend mit Wandobjekten, die farblich gefa\u00dft sind, bzw. wie Gem\u00e4lde behandelt werden. Er verschmilzt die zwei Dimensionen der Malerei mit der dritten, r\u00e4umlichen Dimension der Skulptur. So sind die r\u00e4umlichen Formationen nur zusammen mit der Farbe zu sehen und [&hellip;]<\/p>\n","protected":false},"author":1,"featured_media":0,"parent":13,"menu_order":3,"comment_status":"closed","ping_status":"closed","template":"template-fullwidth.php","meta":[],"_links":{"self":[{"href":"http:\/\/countryhotelcontemporary.de\/index.php?rest_route=\/wp\/v2\/pages\/61"}],"collection":[{"href":"http:\/\/countryhotelcontemporary.de\/index.php?rest_route=\/wp\/v2\/pages"}],"about":[{"href":"http:\/\/countryhotelcontemporary.de\/index.php?rest_route=\/wp\/v2\/types\/page"}],"author":[{"embeddable":true,"href":"http:\/\/countryhotelcontemporary.de\/index.php?rest_route=\/wp\/v2\/users\/1"}],"replies":[{"embeddable":true,"href":"http:\/\/countryhotelcontemporary.de\/index.php?rest_route=%2Fwp%2Fv2%2Fcomments&post=61"}],"version-history":[{"count":10,"href":"http:\/\/countryhotelcontemporary.de\/index.php?rest_route=\/wp\/v2\/pages\/61\/revisions"}],"predecessor-version":[{"id":711,"href":"http:\/\/countryhotelcontemporary.de\/index.php?rest_route=\/wp\/v2\/pages\/61\/revisions\/711"}],"up":[{"embeddable":true,"href":"http:\/\/countryhotelcontemporary.de\/index.php?rest_route=\/wp\/v2\/pages\/13"}],"wp:attachment":[{"href":"http:\/\/countryhotelcontemporary.de\/index.php?rest_route=%2Fwp%2Fv2%2Fmedia&parent=61"}],"curies":[{"name":"wp","href":"https:\/\/api.w.org\/{rel}","templated":true}]}}