{"id":67,"date":"2017-02-12T10:01:50","date_gmt":"2017-02-12T10:01:50","guid":{"rendered":"http:\/\/countryhotelcontemporary.de\/?page_id=67"},"modified":"2017-03-15T21:10:44","modified_gmt":"2017-03-15T21:10:44","slug":"lena-willikens","status":"publish","type":"page","link":"http:\/\/countryhotelcontemporary.de\/?page_id=67","title":{"rendered":"Sarah Szczesny + Lena Willikens"},"content":{"rendered":"<p style=\"text-align: center;\"><em><strong>\u201ePhantom Kino Ballett\u201c<\/strong><\/em><\/p>\n<p style=\"text-align: center;\">Audiovisuelle DJ-Performance<br \/>\nvon Lena Willikens &amp; Sarah Szczesny<\/p>\n<p style=\"text-align: center;\"><em>Ein halluzinogener Soundtrack aus Musik, Spoken Word, Film-Zitaten und Interview-Ausschnitten zu einem 54min\u00fctigem Video, das Malerei und Collage in Bewegung, <\/em><em>sowie Referenzen an Clubkultur wie Stroboskop und Nebelmaschine beinhaltet.<\/em><\/p>\n<p style=\"text-align: center;\">Sonntag _ 14. 5. 2017 _ 21:15 Uhr _ Hallenbad<br \/>\nSpieldauer: ca. 60 Min.<\/p>\n<p style=\"text-align: center;\"><img decoding=\"async\" loading=\"lazy\" class=\"alignnone wp-image-665 size-full\" src=\"http:\/\/countryhotelcontemporary.de\/wp-content\/uploads\/2017\/02\/PKB.png\" width=\"747\" height=\"633\" srcset=\"http:\/\/countryhotelcontemporary.de\/wp-content\/uploads\/2017\/02\/PKB.png 747w, http:\/\/countryhotelcontemporary.de\/wp-content\/uploads\/2017\/02\/PKB-300x254.png 300w\" sizes=\"(max-width: 747px) 100vw, 747px\" \/><\/p>\n<p>Die zwei in K\u00f6ln lebenden K\u00fcnstlerinnen pr\u00e4sentieren im Hallenbad des Country Hotels eine beeindruckende Performance in einer besonderen Atmosph\u00e4re mit besonderer Akustik. \u201cPhantom Kino Ballett\u201d ist ein audiovisuelles H\u00f6rspiel, das im April 2016 im Mannheimer Atlantis Kino uraufgef\u00fchrt wurde.<\/p>\n<p>LENA WILLIKENS tritt als DJ und Produzentin international in Clubs und bei Festivals auf. SARAH SZCZESNY, die auch als Malerin und Bildhauerin t\u00e4tig ist, hat (wie Willikens) an der Kunstakademie studiert und setzt neben Willikens ihre Erforschung der materiellen Rhetorik fort, um die Malerei als erweitertes Produktionsfeld weiterzuentwickeln. Ihre Wege kreuzen sich seit langem k\u00fcnstlerisch immer wieder, so z.B. beim deutsch-chilenischen Label C\u00f3meme, auf dem Willikens vor kurzem ihre EP \u201ePhantom Delia\u201c ver\u00f6ffentlicht hat und f\u00fcr dessen Artwork Szczesny seit 2011 verantwortlich zeichnet.<\/p>\n<p>\u201ePhantom Kino Ballett\u201c befindet sich im stetigen Proze\u00df des Wandels.\u00a0Eingehend auf den Raum der Performance ver\u00e4ndert sich der Umgang mit den Kost\u00fcmen,\u00a0die skulpturale Interpretation der B\u00fchne, der spezifische musikalische Ausdruck sowie der Einsatz von Licht und Nebel. Die K\u00fcnstlerinnen beschreiben: <em>\u201cDas Phantom Kino Ballett ist Soundfragment und Schwarzes Theater, Holly Woodlawn\u00b4s Nervenzusammenbr\u00fcche, Stroboskop und Tanzmusik, sowie Mario Montez\u00b4Mobilee und kinetisches Kost\u00fcm.\u201d<\/em><\/p>\n<p>&nbsp;<\/p>\n","protected":false},"excerpt":{"rendered":"<p>\u201ePhantom Kino Ballett\u201c Audiovisuelle DJ-Performance von Lena Willikens &amp; Sarah Szczesny Ein halluzinogener Soundtrack aus Musik, Spoken Word, Film-Zitaten und Interview-Ausschnitten zu einem 54min\u00fctigem Video, das Malerei und Collage in Bewegung, sowie Referenzen an Clubkultur wie Stroboskop und Nebelmaschine beinhaltet. Sonntag _ 14. 5. 2017 _ 21:15 Uhr _ Hallenbad Spieldauer: ca. 60 Min. Die [&hellip;]<\/p>\n","protected":false},"author":1,"featured_media":0,"parent":13,"menu_order":0,"comment_status":"closed","ping_status":"closed","template":"template-fullwidth.php","meta":[],"_links":{"self":[{"href":"http:\/\/countryhotelcontemporary.de\/index.php?rest_route=\/wp\/v2\/pages\/67"}],"collection":[{"href":"http:\/\/countryhotelcontemporary.de\/index.php?rest_route=\/wp\/v2\/pages"}],"about":[{"href":"http:\/\/countryhotelcontemporary.de\/index.php?rest_route=\/wp\/v2\/types\/page"}],"author":[{"embeddable":true,"href":"http:\/\/countryhotelcontemporary.de\/index.php?rest_route=\/wp\/v2\/users\/1"}],"replies":[{"embeddable":true,"href":"http:\/\/countryhotelcontemporary.de\/index.php?rest_route=%2Fwp%2Fv2%2Fcomments&post=67"}],"version-history":[{"count":24,"href":"http:\/\/countryhotelcontemporary.de\/index.php?rest_route=\/wp\/v2\/pages\/67\/revisions"}],"predecessor-version":[{"id":811,"href":"http:\/\/countryhotelcontemporary.de\/index.php?rest_route=\/wp\/v2\/pages\/67\/revisions\/811"}],"up":[{"embeddable":true,"href":"http:\/\/countryhotelcontemporary.de\/index.php?rest_route=\/wp\/v2\/pages\/13"}],"wp:attachment":[{"href":"http:\/\/countryhotelcontemporary.de\/index.php?rest_route=%2Fwp%2Fv2%2Fmedia&parent=67"}],"curies":[{"name":"wp","href":"https:\/\/api.w.org\/{rel}","templated":true}]}}