{"id":71,"date":"2017-02-12T10:02:25","date_gmt":"2017-02-12T10:02:25","guid":{"rendered":"http:\/\/countryhotelcontemporary.de\/?page_id=71"},"modified":"2018-11-28T19:17:27","modified_gmt":"2018-11-28T19:17:27","slug":"ssing-ssing-band","status":"publish","type":"page","link":"http:\/\/countryhotelcontemporary.de\/?page_id=71","title":{"rendered":"SsingSsing"},"content":{"rendered":"<p style=\"text-align: center;\"><em><strong>Minyo-Rock-Band &#8220;SsingSsing&#8221;<\/strong><\/em><\/p>\n<p style=\"text-align: center;\"><em>Mit koreanischen traditionellen Volksliedern (Minyo) und schamanistischer Ritualmusik \u00fcberschreitet &#8220;SsingSsing&#8221; die Identit\u00e4tsgrenzen der Gesellschaften und Kulturen.<br \/>\n<\/em><\/p>\n<p style=\"text-align: center;\">Samstag _ 13. 5. 2017 _ 21:00 Uhr _ Club<br \/>\nSpieldauer: ca. 90 Min<\/p>\n<p style=\"text-align: center;\">eintrittsfrei<br \/>\n<img decoding=\"async\" loading=\"lazy\" class=\"alignnone wp-image-667 size-full\" src=\"http:\/\/countryhotelcontemporary.de\/wp-content\/uploads\/2017\/02\/SsingSsing1.png\" width=\"767\" height=\"359\" srcset=\"http:\/\/countryhotelcontemporary.de\/wp-content\/uploads\/2017\/02\/SsingSsing1.png 767w, http:\/\/countryhotelcontemporary.de\/wp-content\/uploads\/2017\/02\/SsingSsing1-300x140.png 300w\" sizes=\"(max-width: 767px) 100vw, 767px\" \/><\/p>\n<p>&#8220;SsingSsing&#8221; ist eine Musikgruppe, die auf Tausende Jahre alte koreanische Lieder auf exzentrische Art und Weise zur\u00fcckgreift, dann v\u00f6llig unterschiedliche Elemente zusammenschwei\u00dft: Rockmusik und den typischen, oszillierenden Gesang koreanischer Volkslieder, Elemente aus Balladen, Popmusik, aber auch schamanistische Rituale.<\/p>\n<p><strong>Vocal:<\/strong> Hee-Moon Lee (Lead-Vocal), Da-Hye Chu, Seung-Tae Shin<br \/>\n<strong>Bass:<\/strong> Young-Gyu Jang \/ <strong>E-Gitarre: <\/strong>Tae-Won Lee \/ <strong>Drum:<\/strong> Chul-Hee Lee<\/p>\n<p><em>SsingSsing <\/em>wurde von dem Bassisten YOUNG-GYU JANG gegr\u00fcndet, der seit \u00fcber 25 Jahren in Korea als Komponist bzw. Musiker die Kulturszene pr\u00e4gt. 2016 bekam er den 1. Musikpreis des &#8220;Blue Dragon Award&#8221;, den bekanntesten Filmpreis in Korea (&#8220;The Wailing&#8221;, Mystery-Thriller, 2016). Seit 1991 ist er als Komponist bzw. musikalischer Direktor der international renomierten <em>Eun Me Ahn Dance Company <\/em>t\u00e4tig. Die Band <em>&#8220;UhUhBoo Project&#8221;<\/em>, die er 1993 mit Hyun-Jin Beck gegr\u00fcndet hat, gilt als &#8220;Godfather&#8221; der jungen koreanischen Underground Bands. Auch <em>Pina Bausch<\/em> benutzte viele Lieder von ihm bzw. UhUhBoo Project f\u00fcr ihre Tanzst\u00fccke.<br \/>\nNach langj\u00e4hriger Besch\u00e4ftigung mit der koreanischen traditionellen Musik betrieb er 2008-2014 mit sieben traditionellen Musikern zusammen die Projektgruppe <em>&#8220;BeBeing&#8221;<\/em>, die mit eigenen Konzerten und Zusammenarbeiten mit anderen K\u00fcnstlern international erfolgreich war. Seine Haltung gegen\u00fcber der koreanischen traditionellen Musik war dabei gut zu sp\u00fcren: Er folgt nicht ausschlie\u00dflich deren Traditionen, sondern h\u00e4lt Abstand und findet neue M\u00f6glichkeiten. Er sagte: &#8220;Ich benutze das Wort <em>Gukak<\/em> (koreanische traditionelle Musik) nicht. Was ich mache, ist nur <em>Musik<\/em>&#8221;<\/p>\n<p>Bekannt ist die Band auch wegen ihres extravaganten visuellen Stils und der B\u00fchnenmanieren mit Transgender-Merkmalen. Was die Lead-Stimme, HEE-MOON LEE dazu sagte:<\/p>\n<p><em>&#8220;In der traditionellen koreanischen Kunst brauchen die m\u00e4nnlichen Schamanen, genannt &#8216;Baksu&#8217;, obwohl sie einen m\u00e4nnlichen K\u00f6rper haben, als Medien mehr als eine einzige sexuelle Identit\u00e4t, weil in ihrem K\u00f6rper m\u00e4nnliche und weibliche Geister immer ein und aus gehen sollten. Wenn ich eine weibliche Figur spiele und singe, \u00fcber meine Identit\u00e4t als m\u00e4nnlicher S\u00e4nger hinaus, versuche ich mein Bestes, ein neutraleres Unisex-Gem\u00fct f\u00fcr die Performance zu bringen. Es kann lustig klingen, aber ich glaube, die Empfindung in meiner Jugend, dass mir Madonna gut gefallen hat, hilft mir auch beim Singen. Sie ist die Mutter aller sexuellen Minderheiten, aller Gender, nicht wahr? [Gel\u00e4chter] Als mein Lehrer, der Meister Pansori-S\u00e4nger Chun-Hee Lee (bezeichnet als Inhaber des Wichtigen immateriellen Kulturerbes No.57) meine Performance &#8220;VERMISCHT&#8221; gesehen hat, hat er gescherzt, dass er dachte, Leslie Cheung aus dem Film &#8220;Lebewohl, meine Konkubine&#8221; (1993) sei wieder zum Leben zur\u00fcckgekehrt.&#8221;<\/em><\/p>\n<p>&nbsp;<\/p>\n<p><iframe loading=\"lazy\" src=\"https:\/\/www.youtube.com\/embed\/0Gd7pEj4fls?ecver=1\" width=\"560\" height=\"315\" frameborder=\"0\" allowfullscreen=\"allowfullscreen\"><\/iframe><\/p>\n","protected":false},"excerpt":{"rendered":"<p>Minyo-Rock-Band &#8220;SsingSsing&#8221; Mit koreanischen traditionellen Volksliedern (Minyo) und schamanistischer Ritualmusik \u00fcberschreitet &#8220;SsingSsing&#8221; die Identit\u00e4tsgrenzen der Gesellschaften und Kulturen. Samstag _ 13. 5. 2017 _ 21:00 Uhr _ Club Spieldauer: ca. 90 Min eintrittsfrei &#8220;SsingSsing&#8221; ist eine Musikgruppe, die auf Tausende Jahre alte koreanische Lieder auf exzentrische Art und Weise zur\u00fcckgreift, dann v\u00f6llig unterschiedliche Elemente zusammenschwei\u00dft: [&hellip;]<\/p>\n","protected":false},"author":1,"featured_media":0,"parent":13,"menu_order":0,"comment_status":"closed","ping_status":"closed","template":"template-fullwidth.php","meta":[],"_links":{"self":[{"href":"http:\/\/countryhotelcontemporary.de\/index.php?rest_route=\/wp\/v2\/pages\/71"}],"collection":[{"href":"http:\/\/countryhotelcontemporary.de\/index.php?rest_route=\/wp\/v2\/pages"}],"about":[{"href":"http:\/\/countryhotelcontemporary.de\/index.php?rest_route=\/wp\/v2\/types\/page"}],"author":[{"embeddable":true,"href":"http:\/\/countryhotelcontemporary.de\/index.php?rest_route=\/wp\/v2\/users\/1"}],"replies":[{"embeddable":true,"href":"http:\/\/countryhotelcontemporary.de\/index.php?rest_route=%2Fwp%2Fv2%2Fcomments&post=71"}],"version-history":[{"count":38,"href":"http:\/\/countryhotelcontemporary.de\/index.php?rest_route=\/wp\/v2\/pages\/71\/revisions"}],"predecessor-version":[{"id":2012,"href":"http:\/\/countryhotelcontemporary.de\/index.php?rest_route=\/wp\/v2\/pages\/71\/revisions\/2012"}],"up":[{"embeddable":true,"href":"http:\/\/countryhotelcontemporary.de\/index.php?rest_route=\/wp\/v2\/pages\/13"}],"wp:attachment":[{"href":"http:\/\/countryhotelcontemporary.de\/index.php?rest_route=%2Fwp%2Fv2%2Fmedia&parent=71"}],"curies":[{"name":"wp","href":"https:\/\/api.w.org\/{rel}","templated":true}]}}